{"id":5607,"date":"2018-02-01T10:03:38","date_gmt":"2018-02-01T09:03:38","guid":{"rendered":"http:\/\/eliasfilmmusik.de\/of-fathers-and-sons-sundance\/"},"modified":"2018-04-11T20:23:45","modified_gmt":"2018-04-11T18:23:45","slug":"of-fathers-and-sons-sundance","status":"publish","type":"page","link":"https:\/\/eliasfilmmusik.de\/en\/of-fathers-and-sons-sundance\/","title":{"rendered":"Of Fathers and Sons &#8211; Sundance"},"content":{"rendered":"<div id='av_section_1' class='avia-section main_color avia-section-default avia-no-shadow avia-bg-style-scroll  avia-builder-el-0  avia-builder-el-no-sibling   container_wrap fullsize' style=' '  ><div class='container' ><main  role=\"main\" itemprop=\"mainContentOfPage\"  class='template-page content  av-content-full alpha units'><div class='post-entry post-entry-type-page post-entry-5607'><div class='entry-content-wrapper clearfix'>\n<div class=\"flex_column av_one_full  flex_column_div av-zero-column-padding first  avia-builder-el-1  avia-builder-el-no-sibling  \" style='border-radius:0px; '><p><div  data-size='no scaling'  data-lightbox_size='large'  data-animation='slide'  data-conditional_play=''  data-ids='5530'  data-video_counter='0'  data-autoplay='false'  data-bg_slider='false'  data-slide_height=''  data-handle='av_slideshow'  data-interval='5'  data-class=' avia-builder-el-2  el_before_av_textblock  avia-builder-el-first  '  data-css_id=''  data-scroll_down=''  data-control_layout='av-control-hidden'  data-custom_markup=''  data-perma_caption=''  data-autoplay_stopper=''  data-image_attachment=''  data-min_height='0px'  class='avia-slideshow avia-slideshow-1  av-control-hidden av-default-height-applied avia-slideshow-no scaling av_slideshow  avia-builder-el-2  el_before_av_textblock  avia-builder-el-first   avia-slide-slider '  itemprop=\"image\" itemscope=\"itemscope\" itemtype=\"https:\/\/schema.org\/ImageObject\" ><ul class='avia-slideshow-inner ' style='padding-bottom: 66.875%;' ><li  class=' av-single-slide slide-1 ' ><div data-rel='slideshow-1' class='avia-slide-wrap '   ><img src='https:\/\/eliasfilmmusik.de\/wp-content\/uploads\/2018\/02\/Team_Sundance_1.jpg' width='1280' height='856' title='Sundance Team' alt=''  itemprop=\"thumbnailUrl\"   \/><\/div><\/li><\/ul><\/div><br \/>\n<section class=\"av_textblock_section \"  itemscope=\"itemscope\" itemtype=\"https:\/\/schema.org\/CreativeWork\" ><div class='avia_textblock  '   itemprop=\"text\" ><p>von links: Gudrun Hanke-El Ghomri (SWR), K.S. Elias (Filmmusik), Anne Fabini (Montage), Tobias Siebert (Produktion), Eva Kemme (Produktion), Talal Derki (Regie)<\/p>\n<\/div><\/section><br \/>\n<div style='height:50px' class='hr hr-invisible   avia-builder-el-4  el_after_av_textblock  el_before_av_textblock '><span class='hr-inner ' ><span class='hr-inner-style'><\/span><\/span><\/div><br \/>\n<section class=\"av_textblock_section \"  itemscope=\"itemscope\" itemtype=\"https:\/\/schema.org\/CreativeWork\" ><div class='avia_textblock  '   itemprop=\"text\" ><h1>Of Fathers and Sons gewinnt World Cinema Documentary Grand Jury Prize beim Sundance Filmfestival<\/h1>\n<\/div><\/section><br \/>\n<section class=\"av_textblock_section \"  itemscope=\"itemscope\" itemtype=\"https:\/\/schema.org\/CreativeWork\" ><div class='avia_textblock  '   itemprop=\"text\" ><p>F\u00fcr den Film kehrte Talal Derki in seine Heimat Syrien zur\u00fcck, wo er das Vertrauen einer radikal-islamistischen Familie gewann und ihren Alltag \u00fcber einen Zeitraum von mehr als zwei Jahre begleitete. Seine Kamera konzentriert sich dabei haupts\u00e4chlich auf die Kinder und liefert einen einzigartigen Einblick in eine Kindheit mit einem Vater, dessen gr\u00f6\u00dfter Traum die Errichtung eines islamischen Kalifats ist.\u00a0<a href=\"https:\/\/www.offathersandsons.com\/\">https:\/\/www.offathersandsons.com\/<\/a><\/p>\n<p>Die Filmmusik stammt aus der Feder von Karim Sebastian Elias, Professor f\u00fcr Filmmusik an der Filmuniversit\u00e4t Babelsberg\u00a0<em>KONRAD WOLF<\/em>. \u201eAn admirably audacious feat of documentarian access,\u00a0<em>Of Fathers and Sons<\/em>\u00a0is of obvious topical and anthropological interest as a glimpse into the gradual radicalization of young males and the deep community ties which underpin the process. While unambiguously disapproving in its overall tone (K.S. Elias&#8217; electronica-dominated score sounds warning notes of downbeat dread), it commendably avoids presenting Abu Osama as a two-dimensional fanatic, instead intelligently probing the roots of his anger and passionate involvement in armed struggle\u201c, urteilte der <a href=\"https:\/\/www.hollywoodreporter.com\/review\/fathers-sons-1071207\">Hollywood Reporter<\/a>\u00a0bereits im Vorfeld des Festivals.<\/p>\n<p>Das\u00a034. Sundance Film Festival\u00a0fand vom 18. bis zum 28. Januar 2018 in Park City, Utah statt. Bei dem elft\u00e4gigen Festival wurden insgesamt 123 Filme aus 29 L\u00e4ndern gezeigt und 28 Preise verliehen. Es gilt als wichtige Plattform f\u00fcr unabh\u00e4ngige amerikanische und internationale Produktionen.&#8221;From the beginning, the purpose of the Sundance Film Festival has been to support artists and their stories,&#8221; so der Pr\u00e4sident und Gr\u00fcnder des Sundance Institute Robert Redford, &#8220;and this year, our mission seemed especially relevant. Supporting independent voices, and listening to the stories they tell, has never been more necessary.&#8221;<\/p>\n<p>Of Fathers and Sons ist eine Produktion der\u00a0BASIS Berlin Filmproduktion\u00a0(Producers: Ansgar Frerich, Eva Kemme, Tobias Siebert, Hans Robert Eisenhauer) in Koproduktion mit Ventana Film, Cinema Group Production, SWR und RBB in Zusammenarbeit mit Arte und Impact Partners. Redaktion beim SWR hatte Gudrun Hanke-El Ghomri.<\/p>\n<h3><\/h3>\n<\/div><\/section><br \/>\n<div style='height:50px' class='hr hr-invisible   avia-builder-el-7  el_after_av_textblock  el_before_av_textblock '><span class='hr-inner ' ><span class='hr-inner-style'><\/span><\/span><\/div><br \/>\n<section class=\"av_textblock_section \"  itemscope=\"itemscope\" itemtype=\"https:\/\/schema.org\/CreativeWork\" ><div class='avia_textblock  '   itemprop=\"text\" ><h3 style=\"text-align: center;\">Weitere Links<\/h3>\n<p style=\"text-align: center;\">K.S. Elias\u2018 electronica-dominated score sounds warning notes of downbeat dread<br \/>\n<em>Hollywood Reporter (<a href=\"https:\/\/www.hollywoodreporter.com\/review\/fathers-sons-1071207\">Link<\/a>)<\/em><\/p>\n<p style=\"text-align: center;\">Filmmusik aus Potsdam feiert Erfolg beim Sundance Filmfestival<br \/>\n<em>Die Welt (<a href=\"https:\/\/www.welt.de\/regionales\/berlin\/article172984565\/Filmmusik-aus-Potsdam-feiert-Erfolg-bei-Sundance-Festival.html\">Link<\/a>)<\/em><\/p>\n<p style=\"text-align: center;\">Konrad-Wolf-Filmmusik Filmmusik feiert Erfolg beim Sundance Filmfestival<br \/>\n<em>RBB\u00a0 (<a href=\"https:\/\/www.rbb24.de\/kultur\/beitrag\/2018\/01\/filmmusik-aus-potsdam-feiert-erfolg-bei-sundance-festival.html\">Link<\/a>)<\/em><\/p>\n<p style=\"text-align: center;\">Erfolgreiche Filmmusik aus Babelsberg<br \/>\n<em>Focus (<a href=\"https:\/\/www.focus.de\/regional\/potsdam\/filmuniversitaet-babelsberg-erfolgreiche-filmmusik-aus-babelsberg_id_8377772.html\">Link<\/a>)<\/em><\/p>\n<\/div><\/section><br \/>\n<div style='height:50px' class='hr hr-invisible   avia-builder-el-9  el_after_av_textblock  el_before_av_button '><span class='hr-inner ' ><span class='hr-inner-style'><\/span><\/span><\/div><br \/>\n<div class='avia-button-wrap avia-button-center  avia-builder-el-10  el_after_av_hr  avia-builder-el-last '><a href='https:\/\/eliasfilmmusik.de\/start-2-broken\/'  class='avia-button   avia-icon_select-yes-left-icon avia-color-light avia-size-medium avia-position-center '   ><span class='avia_button_icon avia_button_icon_left ' aria-hidden='true' data-av_icon='\ue821' data-av_iconfont='entypo-fontello'><\/span><span class='avia_iconbox_title' >zur\u00fcck zur Hauptseite<\/span><\/a><\/div><\/p><\/div>\n","protected":false},"excerpt":{"rendered":"","protected":false},"author":1,"featured_media":0,"parent":0,"menu_order":0,"comment_status":"closed","ping_status":"closed","template":"","meta":[],"yoast_head":"<!-- This site is optimized with the Yoast SEO plugin v19.13 - https:\/\/yoast.com\/wordpress\/plugins\/seo\/ -->\n<title>Of Fathers and Sons - World Cinema Documentary Grand Jury Prize<\/title>\n<meta name=\"description\" content=\"Of Fathers and Sons gewinnt World Cinema Documentary Grand Jury Prize beim Sundance Filmfestival. Die Filmmusik stammt aus der Feder von Karim Sebastian Elias, Professor f\u00fcr Filmmusik an der Filmuniversit\u00e4t Babelsberg.\" \/>\n<meta name=\"robots\" content=\"index, follow, max-snippet:-1, max-image-preview:large, max-video-preview:-1\" \/>\n<link rel=\"canonical\" href=\"https:\/\/eliasfilmmusik.de\/en\/of-fathers-and-sons-sundance\/\" \/>\n<meta property=\"og:locale\" content=\"en_US\" \/>\n<meta property=\"og:type\" content=\"article\" \/>\n<meta property=\"og:title\" content=\"Of Fathers and Sons - World Cinema Documentary Grand Jury Prize\" \/>\n<meta property=\"og:description\" content=\"Of Fathers and Sons gewinnt World Cinema Documentary Grand Jury Prize beim Sundance Filmfestival. Die Filmmusik stammt aus der Feder von Karim Sebastian Elias, Professor f\u00fcr Filmmusik an der Filmuniversit\u00e4t Babelsberg.\" \/>\n<meta property=\"og:url\" content=\"https:\/\/eliasfilmmusik.de\/en\/of-fathers-and-sons-sundance\/\" \/>\n<meta property=\"og:site_name\" content=\"K.S. Elias Filmmusik\" \/>\n<meta property=\"article:modified_time\" content=\"2018-04-11T18:23:45+00:00\" \/>\n<meta name=\"twitter:card\" content=\"summary_large_image\" \/>\n<meta name=\"twitter:label1\" content=\"Est. reading time\" \/>\n\t<meta name=\"twitter:data1\" content=\"4 minutes\" \/>\n<script type=\"application\/ld+json\" class=\"yoast-schema-graph\">{\"@context\":\"https:\/\/schema.org\",\"@graph\":[{\"@type\":\"WebPage\",\"@id\":\"https:\/\/eliasfilmmusik.de\/en\/of-fathers-and-sons-sundance\/\",\"url\":\"https:\/\/eliasfilmmusik.de\/en\/of-fathers-and-sons-sundance\/\",\"name\":\"Of Fathers and Sons - World Cinema Documentary Grand Jury Prize\",\"isPartOf\":{\"@id\":\"https:\/\/eliasfilmmusik.de\/#website\"},\"datePublished\":\"2018-02-01T09:03:38+00:00\",\"dateModified\":\"2018-04-11T18:23:45+00:00\",\"description\":\"Of Fathers and Sons gewinnt World Cinema Documentary Grand Jury Prize beim Sundance Filmfestival. Die Filmmusik stammt aus der Feder von Karim Sebastian Elias, Professor f\u00fcr Filmmusik an der Filmuniversit\u00e4t Babelsberg.\",\"breadcrumb\":{\"@id\":\"https:\/\/eliasfilmmusik.de\/en\/of-fathers-and-sons-sundance\/#breadcrumb\"},\"inLanguage\":\"en-US\",\"potentialAction\":[{\"@type\":\"ReadAction\",\"target\":[\"https:\/\/eliasfilmmusik.de\/en\/of-fathers-and-sons-sundance\/\"]}]},{\"@type\":\"BreadcrumbList\",\"@id\":\"https:\/\/eliasfilmmusik.de\/en\/of-fathers-and-sons-sundance\/#breadcrumb\",\"itemListElement\":[{\"@type\":\"ListItem\",\"position\":1,\"name\":\"Startseite\",\"item\":\"https:\/\/eliasfilmmusik.de\/en\/\"},{\"@type\":\"ListItem\",\"position\":2,\"name\":\"Of Fathers and Sons &#8211; Sundance\"}]},{\"@type\":\"WebSite\",\"@id\":\"https:\/\/eliasfilmmusik.de\/#website\",\"url\":\"https:\/\/eliasfilmmusik.de\/\",\"name\":\"K.S. Elias Filmmusik\",\"description\":\"\",\"potentialAction\":[{\"@type\":\"SearchAction\",\"target\":{\"@type\":\"EntryPoint\",\"urlTemplate\":\"https:\/\/eliasfilmmusik.de\/?s={search_term_string}\"},\"query-input\":\"required name=search_term_string\"}],\"inLanguage\":\"en-US\"}]}<\/script>\n<!-- \/ Yoast SEO plugin. -->","yoast_head_json":{"title":"Of Fathers and Sons - World Cinema Documentary Grand Jury Prize","description":"Of Fathers and Sons gewinnt World Cinema Documentary Grand Jury Prize beim Sundance Filmfestival. Die Filmmusik stammt aus der Feder von Karim Sebastian Elias, Professor f\u00fcr Filmmusik an der Filmuniversit\u00e4t Babelsberg.","robots":{"index":"index","follow":"follow","max-snippet":"max-snippet:-1","max-image-preview":"max-image-preview:large","max-video-preview":"max-video-preview:-1"},"canonical":"https:\/\/eliasfilmmusik.de\/en\/of-fathers-and-sons-sundance\/","og_locale":"en_US","og_type":"article","og_title":"Of Fathers and Sons - World Cinema Documentary Grand Jury Prize","og_description":"Of Fathers and Sons gewinnt World Cinema Documentary Grand Jury Prize beim Sundance Filmfestival. Die Filmmusik stammt aus der Feder von Karim Sebastian Elias, Professor f\u00fcr Filmmusik an der Filmuniversit\u00e4t Babelsberg.","og_url":"https:\/\/eliasfilmmusik.de\/en\/of-fathers-and-sons-sundance\/","og_site_name":"K.S. Elias Filmmusik","article_modified_time":"2018-04-11T18:23:45+00:00","twitter_card":"summary_large_image","twitter_misc":{"Est. reading time":"4 minutes"},"schema":{"@context":"https:\/\/schema.org","@graph":[{"@type":"WebPage","@id":"https:\/\/eliasfilmmusik.de\/en\/of-fathers-and-sons-sundance\/","url":"https:\/\/eliasfilmmusik.de\/en\/of-fathers-and-sons-sundance\/","name":"Of Fathers and Sons - World Cinema Documentary Grand Jury Prize","isPartOf":{"@id":"https:\/\/eliasfilmmusik.de\/#website"},"datePublished":"2018-02-01T09:03:38+00:00","dateModified":"2018-04-11T18:23:45+00:00","description":"Of Fathers and Sons gewinnt World Cinema Documentary Grand Jury Prize beim Sundance Filmfestival. Die Filmmusik stammt aus der Feder von Karim Sebastian Elias, Professor f\u00fcr Filmmusik an der Filmuniversit\u00e4t Babelsberg.","breadcrumb":{"@id":"https:\/\/eliasfilmmusik.de\/en\/of-fathers-and-sons-sundance\/#breadcrumb"},"inLanguage":"en-US","potentialAction":[{"@type":"ReadAction","target":["https:\/\/eliasfilmmusik.de\/en\/of-fathers-and-sons-sundance\/"]}]},{"@type":"BreadcrumbList","@id":"https:\/\/eliasfilmmusik.de\/en\/of-fathers-and-sons-sundance\/#breadcrumb","itemListElement":[{"@type":"ListItem","position":1,"name":"Startseite","item":"https:\/\/eliasfilmmusik.de\/en\/"},{"@type":"ListItem","position":2,"name":"Of Fathers and Sons &#8211; Sundance"}]},{"@type":"WebSite","@id":"https:\/\/eliasfilmmusik.de\/#website","url":"https:\/\/eliasfilmmusik.de\/","name":"K.S. Elias Filmmusik","description":"","potentialAction":[{"@type":"SearchAction","target":{"@type":"EntryPoint","urlTemplate":"https:\/\/eliasfilmmusik.de\/?s={search_term_string}"},"query-input":"required name=search_term_string"}],"inLanguage":"en-US"}]}},"_links":{"self":[{"href":"https:\/\/eliasfilmmusik.de\/en\/wp-json\/wp\/v2\/pages\/5607"}],"collection":[{"href":"https:\/\/eliasfilmmusik.de\/en\/wp-json\/wp\/v2\/pages"}],"about":[{"href":"https:\/\/eliasfilmmusik.de\/en\/wp-json\/wp\/v2\/types\/page"}],"author":[{"embeddable":true,"href":"https:\/\/eliasfilmmusik.de\/en\/wp-json\/wp\/v2\/users\/1"}],"replies":[{"embeddable":true,"href":"https:\/\/eliasfilmmusik.de\/en\/wp-json\/wp\/v2\/comments?post=5607"}],"version-history":[{"count":3,"href":"https:\/\/eliasfilmmusik.de\/en\/wp-json\/wp\/v2\/pages\/5607\/revisions"}],"predecessor-version":[{"id":10442,"href":"https:\/\/eliasfilmmusik.de\/en\/wp-json\/wp\/v2\/pages\/5607\/revisions\/10442"}],"wp:attachment":[{"href":"https:\/\/eliasfilmmusik.de\/en\/wp-json\/wp\/v2\/media?parent=5607"}],"curies":[{"name":"wp","href":"https:\/\/api.w.org\/{rel}","templated":true}]}}